{"id":760,"date":"2024-12-31T10:05:42","date_gmt":"2024-12-31T10:05:42","guid":{"rendered":"https:\/\/izola.lt\/?page_id=3"},"modified":"2025-01-23T12:46:40","modified_gmt":"2025-01-23T10:46:40","slug":"politique-de-confidentialite","status":"publish","type":"page","link":"https:\/\/izola.lt\/fr\/politique-de-confidentialite\/","title":{"rendered":"Politique de confidentialit\u00e9"},"content":{"rendered":"<h3>1. Responsable du traitement des donn\u00e9es<\/h3>\n<p>UAB IZOLA<br \/>\nAdresse : Elektrin\u0117s g. 21H-21, LT-26108 Elektr\u0117nai<br \/>\nE-mail : info@izola.lt<\/p>\n<p>&nbsp;<\/p>\n<h3>2. Quelles donn\u00e9es collectons-nous ?<\/h3>\n<ul>\n<li>Le site Web collecte uniquement des informations techniques, notamment :<\/li>\n<li>Adresse IP\u00a0;<\/li>\n<li>Type et version du navigateur\u00a0;<\/li>\n<li>Informations sur l&#8217;utilisation du site Web (par exemple, pages visit\u00e9es, heure de la visite).<\/li>\n<li>Ces donn\u00e9es sont collect\u00e9es \u00e0 l&#8217;aide de l&#8217;outil Google Analytics et permettent d&#8217;analyser le trafic du site Web et d&#8217;optimiser son fonctionnement.<\/li>\n<\/ul>\n<p>&nbsp;<\/p>\n<h3>3. Finalit\u00e9s d&#8217;utilisation des donn\u00e9es<br \/>\nLes donn\u00e9es collect\u00e9es sont utilis\u00e9es\u00a0:<\/h3>\n<ul>\n<li>Pour am\u00e9liorer la fonctionnalit\u00e9 du site Web\u00a0;<\/li>\n<li>Pour analyser le trafic et le fonctionnement\u00a0;<\/li>\n<li>Pour am\u00e9liorer l&#8217;exp\u00e9rience utilisateur.<\/li>\n<\/ul>\n<p>&nbsp;<\/p>\n<h3>4. Transfert de donn\u00e9es<\/h3>\n<p>Certaines donn\u00e9es techniques peuvent \u00eatre transf\u00e9r\u00e9es \u00e0 des tiers, tels que Google, \u00e0 des fins d&#8217;analyse.<\/p>\n<p>&nbsp;<\/p>\n<h3>5. Stockage des donn\u00e9es<\/h3>\n<p>Les donn\u00e9es techniques sont conserv\u00e9es aussi longtemps que n\u00e9cessaire pour effectuer des analyses et am\u00e9liorer les services, mais pas plus de 26 mois, comme le pr\u00e9voient les normes de Google Analytics.<\/p>\n<p>&nbsp;<\/p>\n<h3>6. Droits de l&#8217;utilisateur<\/h3>\n<p>Vous avez le droit de\u00a0:<\/p>\n<ul>\n<li>Recevoir des informations sur les donn\u00e9es collect\u00e9es ;<\/li>\n<li>S&#8217;opposer au traitement des donn\u00e9es ;<\/li>\n<li>Demande de suppression des donn\u00e9es collect\u00e9es.<\/li>\n<\/ul>\n<p>Pour exercer vos droits, veuillez nous contacter par e-mail : info@izola.lt<\/p>\n<p>&nbsp;<\/p>\n<h3>7. S\u00e9curit\u00e9<\/h3>\n<p>UAB IZOLA utilise des mesures techniques et organisationnelles appropri\u00e9es pour prot\u00e9ger vos donn\u00e9es contre tout acc\u00e8s ou traitement non autoris\u00e9.<\/p>\n","protected":false},"excerpt":{"rendered":"<p>1. Responsable du traitement des donn\u00e9es UAB IZOLA Adresse : Elektrin\u0117s g. 21H-21, LT-26108 Elektr\u0117nai E-mail : info@izola.lt &nbsp; 2. Quelles donn\u00e9es collectons-nous ? Le site Web collecte uniquement des informations techniques, notamment : Adresse IP\u00a0; Type et version du navigateur\u00a0; Informations sur l&#8217;utilisation du site Web (par exemple, pages visit\u00e9es, heure de la visite). [&hellip;]<\/p>\n","protected":false},"author":1,"featured_media":0,"parent":0,"menu_order":0,"comment_status":"closed","ping_status":"open","template":"","meta":{"footnotes":""},"class_list":["post-760","page","type-page","status-publish","hentry"],"meta_box":{"paslaugos":[],"cta_paslaugos":[],"blokas_1":[],"blokas_2":[],"blokas_3":[],"blokas_4":[],"google_maps":[],"pirmas_blokas":[],"antras_blokas":[],"trecias_blokas":[],"ketvirtas_blokas":[],"penktas_blokas":[],"sestas_blokas":[],"septintas_blokas":[],"pirma_sekcija":[],"antra_sekcija":[],"apie_cta":[],"cta":[],"sekcija_apie_mus":[],"hero_slider":[],"sertifikatai_group":[],"top_tekstas":"UAB IZOLA is committed to protecting your privacy and ensuring that your personal data is processed in accordance with applicable law. This privacy policy explains what data we collect, how we use it, and how we ensure its security.","karjera_group":[]},"_links":{"self":[{"href":"https:\/\/izola.lt\/fr\/wp-json\/wp\/v2\/pages\/760","targetHints":{"allow":["GET"]}}],"collection":[{"href":"https:\/\/izola.lt\/fr\/wp-json\/wp\/v2\/pages"}],"about":[{"href":"https:\/\/izola.lt\/fr\/wp-json\/wp\/v2\/types\/page"}],"author":[{"embeddable":true,"href":"https:\/\/izola.lt\/fr\/wp-json\/wp\/v2\/users\/1"}],"replies":[{"embeddable":true,"href":"https:\/\/izola.lt\/fr\/wp-json\/wp\/v2\/comments?post=760"}],"version-history":[{"count":2,"href":"https:\/\/izola.lt\/fr\/wp-json\/wp\/v2\/pages\/760\/revisions"}],"predecessor-version":[{"id":838,"href":"https:\/\/izola.lt\/fr\/wp-json\/wp\/v2\/pages\/760\/revisions\/838"}],"wp:attachment":[{"href":"https:\/\/izola.lt\/fr\/wp-json\/wp\/v2\/media?parent=760"}],"curies":[{"name":"wp","href":"https:\/\/api.w.org\/{rel}","templated":true}]}}