{"id":702,"date":"2025-01-21T14:09:41","date_gmt":"2025-01-21T14:09:41","guid":{"rendered":"https:\/\/izola.lt\/?page_id=702"},"modified":"2025-01-23T12:40:59","modified_gmt":"2025-01-23T10:40:59","slug":"politique-de-cookies","status":"publish","type":"page","link":"https:\/\/izola.lt\/fr\/politique-de-cookies\/","title":{"rendered":"Politique de cookies"},"content":{"rendered":"<h3>Que sont les cookies\u00a0?<\/h3>\n<p>Les cookies sont de petits fichiers texte qui sont stock\u00e9s sur votre appareil lorsque vous visitez notre site Web.<\/p>\n<p>&nbsp;<\/p>\n<h3>2. Quels cookies utilisons-nous\u00a0?<\/h3>\n<p>Cookies n\u00e9cessaires\u00a0: ils assurent les fonctions de base du site Web.<\/p>\n<p>Cookies analytiques\u00a0: nous utilisons Google Analytics pour analyser les statistiques de trafic et optimiser les performances du site Web.<\/p>\n<p>&nbsp;<\/p>\n<h3>3. Cookies tiers<\/h3>\n<p>Lors de l&#8217;utilisation de Google Analytics, certaines informations (comme votre adresse IP) peuvent \u00eatre transmises \u00e0 Google. Vous trouverez plus d&#8217;informations sur la politique de confidentialit\u00e9 de Google ici.<\/p>\n<p>&nbsp;<\/p>\n<h3>4. Gestion des cookies<\/h3>\n<p>Vous pouvez g\u00e9rer les param\u00e8tres des cookies dans votre navigateur et supprimer ou bloquer les cookies. Cependant, certains cookies sont essentiels au fonctionnement du site Web et leur d\u00e9sactivation peut affecter votre exp\u00e9rience.<\/p>\n","protected":false},"excerpt":{"rendered":"<p>Que sont les cookies\u00a0? Les cookies sont de petits fichiers texte qui sont stock\u00e9s sur votre appareil lorsque vous visitez notre site Web. &nbsp; 2. Quels cookies utilisons-nous\u00a0? Cookies n\u00e9cessaires\u00a0: ils assurent les fonctions de base du site Web. Cookies analytiques\u00a0: nous utilisons Google Analytics pour analyser les statistiques de trafic et optimiser les performances [&hellip;]<\/p>\n","protected":false},"author":1,"featured_media":0,"parent":0,"menu_order":0,"comment_status":"closed","ping_status":"open","template":"","meta":{"footnotes":""},"class_list":["post-702","page","type-page","status-publish","hentry"],"meta_box":{"paslaugos":[],"cta_paslaugos":[],"blokas_1":[],"blokas_2":[],"blokas_3":[],"blokas_4":[],"google_maps":[],"pirmas_blokas":[],"antras_blokas":[],"trecias_blokas":[],"ketvirtas_blokas":[],"penktas_blokas":[],"sestas_blokas":[],"septintas_blokas":[],"pirma_sekcija":[],"antra_sekcija":[],"apie_cta":[],"cta":[],"sekcija_apie_mus":[],"hero_slider":[],"sertifikatai_group":[],"top_tekstas":"This cookie policy explains how UAB IZOLA uses cookies to ensure website functionality and improve user experience.","karjera_group":[]},"_links":{"self":[{"href":"https:\/\/izola.lt\/fr\/wp-json\/wp\/v2\/pages\/702","targetHints":{"allow":["GET"]}}],"collection":[{"href":"https:\/\/izola.lt\/fr\/wp-json\/wp\/v2\/pages"}],"about":[{"href":"https:\/\/izola.lt\/fr\/wp-json\/wp\/v2\/types\/page"}],"author":[{"embeddable":true,"href":"https:\/\/izola.lt\/fr\/wp-json\/wp\/v2\/users\/1"}],"replies":[{"embeddable":true,"href":"https:\/\/izola.lt\/fr\/wp-json\/wp\/v2\/comments?post=702"}],"version-history":[{"count":2,"href":"https:\/\/izola.lt\/fr\/wp-json\/wp\/v2\/pages\/702\/revisions"}],"predecessor-version":[{"id":828,"href":"https:\/\/izola.lt\/fr\/wp-json\/wp\/v2\/pages\/702\/revisions\/828"}],"wp:attachment":[{"href":"https:\/\/izola.lt\/fr\/wp-json\/wp\/v2\/media?parent=702"}],"curies":[{"name":"wp","href":"https:\/\/api.w.org\/{rel}","templated":true}]}}