{"id":32,"date":"2024-12-31T12:00:40","date_gmt":"2024-12-31T12:00:40","guid":{"rendered":"https:\/\/izola.lt\/?page_id=12"},"modified":"2025-01-23T12:45:51","modified_gmt":"2025-01-23T10:45:51","slug":"a-propos-de-nous","status":"publish","type":"page","link":"https:\/\/izola.lt\/fr\/a-propos-de-nous\/","title":{"rendered":"\u00c0 propos de nous"},"content":{"rendered":"","protected":false},"excerpt":{"rendered":"","protected":false},"author":1,"featured_media":0,"parent":0,"menu_order":0,"comment_status":"closed","ping_status":"closed","template":"","meta":{"footnotes":""},"class_list":["post-32","page","type-page","status-publish","hentry"],"meta_box":{"paslaugos":[],"cta_paslaugos":[],"blokas_1":[],"blokas_2":[],"blokas_3":[],"blokas_4":[],"google_maps":[],"pirmas_blokas":[],"antras_blokas":[],"trecias_blokas":[],"ketvirtas_blokas":[],"penktas_blokas":[],"sestas_blokas":[],"septintas_blokas":[],"pirma_sekcija":{"nuotrauka_1":["138"],"title_1":"<span class=\"text-primary\">Notre vision<\/span> et nos valeurs","aprasymas_1":"<p class=\"brxe-text-basic feature__description\">Fournir des services complets et innovants qui assurent l\u2019efficacit\u00e9, la s\u00e9curit\u00e9 et la durabilit\u00e9 des installations \u00e9nerg\u00e9tiques et industrielles.<\/p>\r\n\r\n<ul class=\"brxe-list icon-list\">\r\n \t<li>\r\n<div class=\"content\"><span class=\"title\"><span class=\"text-primary\">Professionnels\u00a0:<\/span> vous avez maintenant un peu de chance de vous y rendre.<\/span><\/div><\/li>\r\n \t<li>\r\n<div class=\"content\"><span class=\"title\"><span class=\"text-primary\">Naujov\u0117s\u00a0:<\/span> naujausi\u0173 technologij\u0173 ir sprendim\u0173 taikymas.<\/span><\/div><\/li>\r\n \t<li>\r\n<div class=\"content\"><span class=\"title\"><span class=\"text-primary\">Client\u0173 poreiki\u0173 supratimas\u00a0:<\/span> individualus po\u017ei\u016bris ir lankstumas.<\/span><\/div><\/li>\r\n \t<li>\r\n<div class=\"content\"><span class=\"title\"><span class=\"text-primary\">Sauga\u00a0:<\/span> grie\u017etai laikom\u0117s vis\u0173 saugos ir aplinkosaugos reikalavim\u0173.<\/span><\/div><\/li>\r\n<\/ul>","mygtukas_tekstas_1":"Contactez-nous","mygtukas_url_1":"https:\/\/izola.lt\/fr\/contacts"},"antra_sekcija":{"nuotrauka_2":["140"],"title_2":"Comment pouvons-nous <span class=\"text-primary\">aider<\/span>","aprasymas_2":"<p class=\"brxe-text-basic feature__description\">Nous proposons une large gamme de services, qui comprend tout, de l'installation de rev\u00eatements ignifuges pour les installations \u00e9nerg\u00e9tiques \u00e0 l'installation d'\u00e9chafaudages et de solutions anticorrosion.<\/p>\r\n\r\n<ul id=\"brxe-paugfp\" class=\"brxe-list icon-list\">\r\n \t<li>\r\n<div class=\"content\"><i class=\"ion-ios-checkmark-circle-outline\"><\/i><span class=\"title\">Conception, installation et r\u00e9paration de rev\u00eatements ignifuges.<\/span><\/div><\/li>\r\n \t<li>\r\n<div class=\"content\"><i class=\"ion-ios-checkmark-circle-outline\"><\/i><span class=\"title\">Nettoyage m\u00e9canis\u00e9 et manuel des installations \u00e9nerg\u00e9tiques et industrielles.<\/span><\/div><\/li>\r\n \t<li>\r\n<div class=\"content\"><i class=\"ion-ios-checkmark-circle-outline\"><\/i><span class=\"title\">Protection des structures m\u00e9talliques contre la corrosion et Rev\u00eatements de protection incendie.<\/span><\/div><\/li>\r\n \t<li>\r\n<div class=\"content\"><i class=\"ion-ios-checkmark-circle-outline\"><\/i><span class=\"title\">Installation et location d'\u00e9chafaudages.<\/span><\/div><\/li>\r\n \t<li>\r\n<div class=\"content\"><i class=\"ion-ios-checkmark-circle-outline\"><\/i><span class=\"title\">Installation d'isolants et de toitures.<\/span><\/div><\/li>\r\n \t<li>\r\n<div class=\"content\"><i class=\"ion-ios-checkmark-circle-outline\"><\/i><span class=\"title\">Gestion des d\u00e9chets dangereux et d\u00e9samiantage.<\/span><\/div><\/li>\r\n<\/ul>","mygtukas_tekstas_2":"Contactez-nous","mygtukas_url_2":"https:\/\/izola.lt\/fr\/contacts"},"apie_cta":{"cta_nuotrauka":["141"],"cta_tekstas":"Vous avez des questions ou vous recherchez un partenaire fiable pour votre projet ? Contactez-nous, notre \u00e9quipe est pr\u00eate \u00e0 vous aider.","cta_mygtuko_tekstas":"Contacts","cta_mygtuko_url":"https:\/\/izola.lt\/fr\/contacts"},"cta":[],"sekcija_apie_mus":[],"hero_slider":[],"sertifikatai_group":[],"top_tekstas":"UAB IZOLA est une entreprise sp\u00e9cialis\u00e9e dans les services \u00e9nerg\u00e9tiques et industriels depuis plus de trois d\u00e9cennies. Nous travaillons pour garantir \u00e0 nos clients des solutions de haute qualit\u00e9 et innovantes. Au fil des ans, nous avons accumul\u00e9 une solide exp\u00e9rience et gagn\u00e9 la confiance gr\u00e2ce \u00e0 notre approche responsable du travail et des besoins des clients.","karjera_group":[]},"_links":{"self":[{"href":"https:\/\/izola.lt\/fr\/wp-json\/wp\/v2\/pages\/32","targetHints":{"allow":["GET"]}}],"collection":[{"href":"https:\/\/izola.lt\/fr\/wp-json\/wp\/v2\/pages"}],"about":[{"href":"https:\/\/izola.lt\/fr\/wp-json\/wp\/v2\/types\/page"}],"author":[{"embeddable":true,"href":"https:\/\/izola.lt\/fr\/wp-json\/wp\/v2\/users\/1"}],"replies":[{"embeddable":true,"href":"https:\/\/izola.lt\/fr\/wp-json\/wp\/v2\/comments?post=32"}],"version-history":[{"count":2,"href":"https:\/\/izola.lt\/fr\/wp-json\/wp\/v2\/pages\/32\/revisions"}],"predecessor-version":[{"id":836,"href":"https:\/\/izola.lt\/fr\/wp-json\/wp\/v2\/pages\/32\/revisions\/836"}],"wp:attachment":[{"href":"https:\/\/izola.lt\/fr\/wp-json\/wp\/v2\/media?parent=32"}],"curies":[{"name":"wp","href":"https:\/\/api.w.org\/{rel}","templated":true}]}}