{"id":31,"date":"2024-12-31T12:00:34","date_gmt":"2024-12-31T12:00:34","guid":{"rendered":"https:\/\/izola.lt\/?page_id=10"},"modified":"2025-05-13T11:51:59","modified_gmt":"2025-05-13T09:51:59","slug":"accueil","status":"publish","type":"page","link":"https:\/\/izola.lt\/fr\/","title":{"rendered":"Maison"},"content":{"rendered":"","protected":false},"excerpt":{"rendered":"","protected":false},"author":1,"featured_media":0,"parent":0,"menu_order":0,"comment_status":"closed","ping_status":"closed","template":"","meta":{"footnotes":""},"class_list":["post-31","page","type-page","status-publish","hentry"],"meta_box":{"paslaugos":{"title":"Services","aprasymas":"Nous nous effor\u00e7ons de fournir de mani\u00e8re responsable et professionnelle des services complets et des solutions technologiques uniques. Prendre en compte les besoins et les attentes des clients et am\u00e9liorer constamment la qualit\u00e9 des services fournis."},"cta_paslaugos":[],"blokas_1":[],"blokas_2":[],"blokas_3":[],"blokas_4":[],"google_maps":[],"pirmas_blokas":[],"antras_blokas":[],"trecias_blokas":[],"ketvirtas_blokas":[],"penktas_blokas":[],"sestas_blokas":[],"septintas_blokas":[],"pirma_sekcija":[],"antra_sekcija":[],"apie_cta":[],"cta":{"cta_nuotrauka":["62"],"cta_title":"Les principales raisons pour lesquelles vous devriez nous choisir !","cta_aprasymas":"Nous sommes une entreprise qui r\u00e9alise des travaux complexes dans les secteurs \u00e9nerg\u00e9tique et industriel, donc:","cta_sarasas":"Nous nous effor\u00e7ons de fournir des services complets et des solutions technologiques uniques de mani\u00e8re responsable et professionnelle.","cta_sarasas_2":"Prendre en compte les besoins et les attentes des clients et am\u00e9liorer constamment la qualit\u00e9 des services fournis.","cta_sarasas_3":"Nous investissons constamment dans l\u2019am\u00e9lioration des qualifications de nos employ\u00e9s et de l\u2019environnement de travail.","cta_sarasas_4":"Nous travaillons selon les normes de s\u00e9curit\u00e9 les plus \u00e9lev\u00e9es et prot\u00e9geons l'environnement","cta_mygtuko_tekstas":"Contactez-nous","cta_mygtuko_url":"https:\/\/izola.lt\/fr\/contacts\/"},"sekcija_apie_mus":{"apie_nuotrauka":["68"],"apie_nuotrauka_tekstas":"Nous fournissons des services professionnels \u00e0 nos clients depuis plus de 30 ans","apie_title":"Des solutions professionnelles pour l'industrie depuis plus de 30 ans","apie_aprasymas":"La soci\u00e9t\u00e9 UAB Izola a \u00e9t\u00e9 fond\u00e9e le 16 d\u00e9cembre 1992. Elle a commenc\u00e9 sa production le 3 janvier 1993. Les principales activit\u00e9s de la soci\u00e9t\u00e9 sont l'installation et la r\u00e9paration de ma\u00e7onnerie ignifuge pour les chaudi\u00e8res \u00e9nerg\u00e9tiques, les rev\u00eatements anticorrosion pour les structures m\u00e9talliques et les r\u00e9servoirs, l'installation d'isolation thermique technique, l'isolation des b\u00e2timents, la collecte et la gestion des d\u00e9chets dangereux. Les principaux clients sont des installations du secteur \u00e9nerg\u00e9tique lituanien et \u00e9tranger.","apie_mygtuko_tekstas":"En savoir plus","apie_mygtuko_url":"https:\/\/izola.lt\/fr\/a-propos-de-nous"},"hero_slider":[{"hero-nuotrauka":["707"],"hero_title":"<span class=\"text-primary\">Un partenaire de confiance<\/span> pour les solutions \u00e9nerg\u00e9tiques et industrielles","hero_aprasymas":"Avec plus de 30 ans d'exp\u00e9rience dans la fourniture de rev\u00eatements ignifuges, d'isolation, d'\u00e9chafaudages et de solutions anticorrosion pour les secteurs de l'\u00e9nergie et de l'industrie, nous garantissons qualit\u00e9, s\u00e9curit\u00e9 et innovation.","mygtukas_red_tekstas":"Nos services","mygtukas_red_url":"https:\/\/izola.lt\/fr\/#services","mygtukas_white_tekstas":"\u00c0 propos de nous","mygtukas_white_url":"https:\/\/izola.lt\/fr\/a-propos-de-nous"},{"hero-nuotrauka":["706"],"hero_title":"Des solutions innovantes <br><span class=\"text-primary\">Pour la r\u00e9ussite de votre entreprise<\/span>","hero_aprasymas":"Nous travaillons pour garantir \u00e0 nos clients des solutions de qualit\u00e9 et innovantes. Au fil des ann\u00e9es, nous avons accumul\u00e9 une solide exp\u00e9rience et gagn\u00e9 la confiance gr\u00e2ce \u00e0 notre approche responsable du travail et des besoins des clients.","mygtukas_red_tekstas":"Nos services","mygtukas_red_url":"https:\/\/izola.lt\/fr\/#services"}],"sertifikatai_group":[],"top_tekstas":"","karjera_group":[]},"_links":{"self":[{"href":"https:\/\/izola.lt\/fr\/wp-json\/wp\/v2\/pages\/31","targetHints":{"allow":["GET"]}}],"collection":[{"href":"https:\/\/izola.lt\/fr\/wp-json\/wp\/v2\/pages"}],"about":[{"href":"https:\/\/izola.lt\/fr\/wp-json\/wp\/v2\/types\/page"}],"author":[{"embeddable":true,"href":"https:\/\/izola.lt\/fr\/wp-json\/wp\/v2\/users\/1"}],"replies":[{"embeddable":true,"href":"https:\/\/izola.lt\/fr\/wp-json\/wp\/v2\/comments?post=31"}],"version-history":[{"count":4,"href":"https:\/\/izola.lt\/fr\/wp-json\/wp\/v2\/pages\/31\/revisions"}],"predecessor-version":[{"id":852,"href":"https:\/\/izola.lt\/fr\/wp-json\/wp\/v2\/pages\/31\/revisions\/852"}],"wp:attachment":[{"href":"https:\/\/izola.lt\/fr\/wp-json\/wp\/v2\/media?parent=31"}],"curies":[{"name":"wp","href":"https:\/\/api.w.org\/{rel}","templated":true}]}}