{"id":303,"date":"2025-01-15T10:13:03","date_gmt":"2025-01-15T10:13:03","guid":{"rendered":"https:\/\/izola.lt\/?page_id=303"},"modified":"2025-04-08T10:57:27","modified_gmt":"2025-04-08T08:57:27","slug":"histoire","status":"publish","type":"page","link":"https:\/\/izola.lt\/fr\/histoire\/","title":{"rendered":"Histoire"},"content":{"rendered":"","protected":false},"excerpt":{"rendered":"","protected":false},"author":1,"featured_media":0,"parent":0,"menu_order":0,"comment_status":"closed","ping_status":"closed","template":"","meta":{"footnotes":""},"class_list":["post-303","page","type-page","status-publish","hentry"],"meta_box":{"paslaugos":[],"cta_paslaugos":[],"blokas_1":[],"blokas_2":[],"blokas_3":[],"blokas_4":[],"google_maps":[],"pirmas_blokas":{"pirma_data":"1990 \u2013 Fondation","pirmas_aprasymas":"Nous avons d\u00e9marr\u00e9 en tant que petite entreprise, fournissant des services de base d\u2019isolation et d\u2019entretien d\u2019\u00e9quipements \u00e9nerg\u00e9tiques."},"antras_blokas":{"antra_data":"2010 \u2013 D\u00e9veloppement des services","antras_aprasymas":"Nous avons \u00e9largi nos services pour inclure l\u2019installation d\u2019\u00e9chafaudages, la protection chimique des surfaces et les solutions anticorrosion."},"trecias_blokas":{"trecia_data":"2000 \u2013 Premiers grands projets","trecias_aprasymas":"Nous avons r\u00e9alis\u00e9 les premiers projets d'installation de rev\u00eatements r\u00e9fractaires pour fours et chaudi\u00e8res industriels dans de grandes installations industrielles."},"ketvirtas_blokas":{"ketvirta_data":"2020 \u2013 Projets internationaux","ketvirtas_aprasymas":"Nous avons commenc\u00e9 \u00e0 travailler avec des clients internationaux, en mettant en \u0153uvre des projets en dehors de la Lituanie."},"penktas_blokas":{"penkta_data":"05","penktas_aprasymas":"Aujourd'hui, UAB IZOLA est un leader reconnu du march\u00e9, offrant des services complets et des solutions innovantes qui r\u00e9pondent aux normes les plus \u00e9lev\u00e9es."},"sestas_blokas":{"sesta_data":"06","sestas_aprasymas":"Aujourd'hui, UAB IZOLA est un leader reconnu du march\u00e9, offrant des services complets et des solutions innovantes qui r\u00e9pondent aux normes les plus \u00e9lev\u00e9es."},"septintas_blokas":{"septinta_data":"Pr\u00e9sent","septintas_aprasymas":"Aujourd'hui, UAB IZOLA est un leader reconnu du march\u00e9, offrant des services complets et des solutions innovantes qui r\u00e9pondent aux normes les plus \u00e9lev\u00e9es.","image":["138"]},"pirma_sekcija":[],"antra_sekcija":[],"apie_cta":[],"cta":[],"sekcija_apie_mus":[],"hero_slider":[],"sertifikatai_group":[],"top_tekstas":"UAB IZOLA a d\u00e9marr\u00e9 ses activit\u00e9s en 1990 et a d\u00e8s le d\u00e9but souhait\u00e9 devenir un partenaire fiable dans les secteurs de l'\u00e9nergie et de l'industrie. En trois d\u00e9cennies, nous sommes devenus une \u00e9quipe solide et professionnelle, que nos clients appr\u00e9cient pour sa qualit\u00e9, sa fiabilit\u00e9 et son innovation.","karjera_group":[]},"_links":{"self":[{"href":"https:\/\/izola.lt\/fr\/wp-json\/wp\/v2\/pages\/303","targetHints":{"allow":["GET"]}}],"collection":[{"href":"https:\/\/izola.lt\/fr\/wp-json\/wp\/v2\/pages"}],"about":[{"href":"https:\/\/izola.lt\/fr\/wp-json\/wp\/v2\/types\/page"}],"author":[{"embeddable":true,"href":"https:\/\/izola.lt\/fr\/wp-json\/wp\/v2\/users\/1"}],"replies":[{"embeddable":true,"href":"https:\/\/izola.lt\/fr\/wp-json\/wp\/v2\/comments?post=303"}],"version-history":[{"count":3,"href":"https:\/\/izola.lt\/fr\/wp-json\/wp\/v2\/pages\/303\/revisions"}],"predecessor-version":[{"id":850,"href":"https:\/\/izola.lt\/fr\/wp-json\/wp\/v2\/pages\/303\/revisions\/850"}],"wp:attachment":[{"href":"https:\/\/izola.lt\/fr\/wp-json\/wp\/v2\/media?parent=303"}],"curies":[{"name":"wp","href":"https:\/\/api.w.org\/{rel}","templated":true}]}}