{"id":201,"date":"2025-01-08T12:20:02","date_gmt":"2025-01-08T12:20:02","guid":{"rendered":"https:\/\/izola.lt\/?page_id=201"},"modified":"2025-01-23T12:21:12","modified_gmt":"2025-01-23T10:21:12","slug":"projets","status":"publish","type":"page","link":"https:\/\/izola.lt\/fr\/projets\/","title":{"rendered":"Projets"},"content":{"rendered":"","protected":false},"excerpt":{"rendered":"","protected":false},"author":1,"featured_media":0,"parent":0,"menu_order":0,"comment_status":"closed","ping_status":"closed","template":"","meta":{"footnotes":""},"class_list":["post-201","page","type-page","status-publish","hentry"],"meta_box":{"paslaugos":[],"cta_paslaugos":[],"blokas_1":[],"blokas_2":[],"blokas_3":[],"blokas_4":[],"google_maps":[],"pirmas_blokas":[],"antras_blokas":[],"trecias_blokas":[],"ketvirtas_blokas":[],"penktas_blokas":[],"sestas_blokas":[],"septintas_blokas":[],"pirma_sekcija":[],"antra_sekcija":[],"apie_cta":[],"cta":[],"sekcija_apie_mus":[],"hero_slider":[],"sertifikatai_group":[],"top_tekstas":"Au cours des 30 derni\u00e8res ann\u00e9es, nous avons r\u00e9alis\u00e9 avec succ\u00e8s de nombreux projets dans les secteurs de l\u2019\u00e9nergie et de l\u2019industrie. Chacun d\u2019entre eux refl\u00e8te notre engagement \u00e0 fournir des services de la plus haute qualit\u00e9 adapt\u00e9s aux besoins uniques de nos clients.","karjera_group":[]},"_links":{"self":[{"href":"https:\/\/izola.lt\/fr\/wp-json\/wp\/v2\/pages\/201","targetHints":{"allow":["GET"]}}],"collection":[{"href":"https:\/\/izola.lt\/fr\/wp-json\/wp\/v2\/pages"}],"about":[{"href":"https:\/\/izola.lt\/fr\/wp-json\/wp\/v2\/types\/page"}],"author":[{"embeddable":true,"href":"https:\/\/izola.lt\/fr\/wp-json\/wp\/v2\/users\/1"}],"replies":[{"embeddable":true,"href":"https:\/\/izola.lt\/fr\/wp-json\/wp\/v2\/comments?post=201"}],"version-history":[{"count":1,"href":"https:\/\/izola.lt\/fr\/wp-json\/wp\/v2\/pages\/201\/revisions"}],"predecessor-version":[{"id":794,"href":"https:\/\/izola.lt\/fr\/wp-json\/wp\/v2\/pages\/201\/revisions\/794"}],"wp:attachment":[{"href":"https:\/\/izola.lt\/fr\/wp-json\/wp\/v2\/media?parent=201"}],"curies":[{"name":"wp","href":"https:\/\/api.w.org\/{rel}","templated":true}]}}