{"id":197,"date":"2025-01-08T12:19:25","date_gmt":"2025-01-08T12:19:25","guid":{"rendered":"https:\/\/izola.lt\/?page_id=197"},"modified":"2025-01-23T12:42:31","modified_gmt":"2025-01-23T10:42:31","slug":"certificats","status":"publish","type":"page","link":"https:\/\/izola.lt\/fr\/certificats\/","title":{"rendered":"Certificats"},"content":{"rendered":"","protected":false},"excerpt":{"rendered":"","protected":false},"author":1,"featured_media":0,"parent":0,"menu_order":0,"comment_status":"closed","ping_status":"closed","template":"","meta":{"footnotes":""},"class_list":["post-197","page","type-page","status-publish","hentry"],"meta_box":{"paslaugos":[],"cta_paslaugos":[],"blokas_1":[],"blokas_2":[],"blokas_3":[],"blokas_4":[],"google_maps":[],"pirmas_blokas":[],"antras_blokas":[],"trecias_blokas":[],"ketvirtas_blokas":[],"penktas_blokas":[],"sestas_blokas":[],"septintas_blokas":[],"pirma_sekcija":[],"antra_sekcija":[],"apie_cta":[],"cta":[],"sekcija_apie_mus":[],"hero_slider":[],"sertifikatai_group":[{"sertifikato_nuotrauka":["356"],"pavadinimas":"Activit\u00e9s d'exploitation d'installations \u00e9nerg\u00e9tiques \/ exploitation d'installations thermiques et de turbines","aprasymas":"Certificat du Conseil national de r\u00e9glementation de l'\u00e9nergie pour l'exploitation des installations \u00e9nerg\u00e9tiques","kategorija":"Sertifikatai"},{"sertifikato_nuotrauka":["358"],"pavadinimas":"Activit\u00e9s d'exploitation d'\u00e9quipements \u00e9nerg\u00e9tiques \/ exploitation d'\u00e9quipements de chauffage","aprasymas":"Certificat du Conseil national de r\u00e9gulation de l'\u00e9nergie pour l'exploitation d'installations de chauffage","kategorija":"Sertifikatai"},{"sertifikato_nuotrauka":["357"],"pavadinimas":"Activit\u00e9s d'exploitation d'installations \u00e9nerg\u00e9tiques \/ exploitation d'installations p\u00e9troli\u00e8res et de produits p\u00e9troliers","aprasymas":"Certificat du Conseil national de r\u00e9glementation de l'\u00e9nergie pour exploiter des installations p\u00e9troli\u00e8res et de produits p\u00e9troliers","kategorija":"Sertifikatai"},{"sertifikato_nuotrauka":["359"],"pavadinimas":"Qualification certificate of the state enterprise \"Construction Production Certification Center\"","aprasymas":"Certificat de qualification de l'entreprise d'\u00c9tat \u00ab Centre de certification de la production de construction \u00bb","kategorija":"Sertifikatai"},{"sertifikato_nuotrauka":["360"],"pavadinimas":"ISO 14001:2015 (EN)","aprasymas":"Certificat de conformit\u00e9 \u00ab Syst\u00e8me de gestion environnementale \u00bb","kategorija":"ISO"},{"sertifikato_nuotrauka":["361"],"pavadinimas":"ISO 9001:2015 (EN)\u200b","aprasymas":"Certificat de conformit\u00e9 \u00ab Syst\u00e8me de gestion de la qualit\u00e9 \u00bb","kategorija":"ISO"},{"sertifikato_nuotrauka":["362"],"pavadinimas":"LST ISO 45001:2018 (EN)","aprasymas":"Certificat de conformit\u00e9 \u00ab Syst\u00e8me de gestion de la s\u00e9curit\u00e9 et de la sant\u00e9 au travail \u00bb","kategorija":"ISO"},{"sertifikato_nuotrauka":["364"],"pavadinimas":"Certificat d'immatriculation","aprasymas":"Registre des personnes morales de la R\u00e9publique de Lituanie","kategorija":"Kiti"},{"sertifikato_nuotrauka":["363"],"pavadinimas":"Permis de gestion des d\u00e9chets dangereux","aprasymas":"Licence accord\u00e9e par le Minist\u00e8re de l'Environnement de la R\u00e9publique de Lituanie","kategorija":"Kiti"}],"top_tekstas":"Nous sommes fiers de maintenir les normes les plus \u00e9lev\u00e9es en mati\u00e8re de qualit\u00e9, de s\u00e9curit\u00e9 et de protection de l'environnement. Notre engagement envers l'excellence se refl\u00e8te dans une large gamme de certifications et de licences qui confirment notre comp\u00e9tence professionnelle et notre engagement envers les meilleures pratiques de l'industrie.","karjera_group":[]},"_links":{"self":[{"href":"https:\/\/izola.lt\/fr\/wp-json\/wp\/v2\/pages\/197","targetHints":{"allow":["GET"]}}],"collection":[{"href":"https:\/\/izola.lt\/fr\/wp-json\/wp\/v2\/pages"}],"about":[{"href":"https:\/\/izola.lt\/fr\/wp-json\/wp\/v2\/types\/page"}],"author":[{"embeddable":true,"href":"https:\/\/izola.lt\/fr\/wp-json\/wp\/v2\/users\/1"}],"replies":[{"embeddable":true,"href":"https:\/\/izola.lt\/fr\/wp-json\/wp\/v2\/comments?post=197"}],"version-history":[{"count":2,"href":"https:\/\/izola.lt\/fr\/wp-json\/wp\/v2\/pages\/197\/revisions"}],"predecessor-version":[{"id":831,"href":"https:\/\/izola.lt\/fr\/wp-json\/wp\/v2\/pages\/197\/revisions\/831"}],"wp:attachment":[{"href":"https:\/\/izola.lt\/fr\/wp-json\/wp\/v2\/media?parent=197"}],"curies":[{"name":"wp","href":"https:\/\/api.w.org\/{rel}","templated":true}]}}