{"id":195,"date":"2025-01-08T12:18:51","date_gmt":"2025-01-08T12:18:51","guid":{"rendered":"https:\/\/izola.lt\/?page_id=195"},"modified":"2025-01-23T12:44:56","modified_gmt":"2025-01-23T10:44:56","slug":"services","status":"publish","type":"page","link":"https:\/\/izola.lt\/fr\/services\/","title":{"rendered":"Services"},"content":{"rendered":"","protected":false},"excerpt":{"rendered":"","protected":false},"author":1,"featured_media":0,"parent":0,"menu_order":0,"comment_status":"closed","ping_status":"closed","template":"","meta":{"footnotes":""},"class_list":["post-195","page","type-page","status-publish","hentry"],"meta_box":{"paslaugos":[],"cta_paslaugos":{"cta_paslaugos_image":["141"],"cta_paslaugos_title":"Vous avez des questions ou vous recherchez un partenaire fiable pour votre projet ? Contactez-nous, notre \u00e9quipe est pr\u00eate \u00e0 vous aider.","cta_mygtuko_tekstas":"Contacts","cta_mygtuk_url":"https:\/\/izola.lt\/fr\/contacts"},"blokas_1":[],"blokas_2":[],"blokas_3":[],"blokas_4":[],"google_maps":[],"pirmas_blokas":[],"antras_blokas":[],"trecias_blokas":[],"ketvirtas_blokas":[],"penktas_blokas":[],"sestas_blokas":[],"septintas_blokas":[],"pirma_sekcija":[],"antra_sekcija":[],"apie_cta":[],"cta":[],"sekcija_apie_mus":[],"hero_slider":[],"sertifikatai_group":[],"top_tekstas":"Nous nous effor\u00e7ons de fournir des services complets et des solutions technologiques uniques de mani\u00e8re responsable et professionnelle. Nous prenons en compte les besoins et les attentes de nos clients et am\u00e9liorons constamment la qualit\u00e9 de nos services.","karjera_group":[]},"_links":{"self":[{"href":"https:\/\/izola.lt\/fr\/wp-json\/wp\/v2\/pages\/195","targetHints":{"allow":["GET"]}}],"collection":[{"href":"https:\/\/izola.lt\/fr\/wp-json\/wp\/v2\/pages"}],"about":[{"href":"https:\/\/izola.lt\/fr\/wp-json\/wp\/v2\/types\/page"}],"author":[{"embeddable":true,"href":"https:\/\/izola.lt\/fr\/wp-json\/wp\/v2\/users\/1"}],"replies":[{"embeddable":true,"href":"https:\/\/izola.lt\/fr\/wp-json\/wp\/v2\/comments?post=195"}],"version-history":[{"count":2,"href":"https:\/\/izola.lt\/fr\/wp-json\/wp\/v2\/pages\/195\/revisions"}],"predecessor-version":[{"id":833,"href":"https:\/\/izola.lt\/fr\/wp-json\/wp\/v2\/pages\/195\/revisions\/833"}],"wp:attachment":[{"href":"https:\/\/izola.lt\/fr\/wp-json\/wp\/v2\/media?parent=195"}],"curies":[{"name":"wp","href":"https:\/\/api.w.org\/{rel}","templated":true}]}}